{"id":54,"date":"2025-07-10T20:00:32","date_gmt":"2025-07-10T20:00:32","guid":{"rendered":"https:\/\/lavenderblush-snake-537685.hostingersite.com\/?page_id=54"},"modified":"2025-07-10T20:17:17","modified_gmt":"2025-07-10T20:17:17","slug":"lesiones-personales","status":"publish","type":"page","link":"https:\/\/abogadocj.com\/es\/lesiones-personales\/","title":{"rendered":"Lesiones Personales"},"content":{"rendered":"<div data-elementor-type=\"wp-page\" data-elementor-id=\"54\" class=\"elementor elementor-54\" data-elementor-settings=\"{&quot;element_pack_global_tooltip_width&quot;:{&quot;unit&quot;:&quot;px&quot;,&quot;size&quot;:&quot;&quot;,&quot;sizes&quot;:[]},&quot;element_pack_global_tooltip_width_tablet&quot;:{&quot;unit&quot;:&quot;px&quot;,&quot;size&quot;:&quot;&quot;,&quot;sizes&quot;:[]},&quot;element_pack_global_tooltip_width_mobile&quot;:{&quot;unit&quot;:&quot;px&quot;,&quot;size&quot;:&quot;&quot;,&quot;sizes&quot;:[]},&quot;element_pack_global_tooltip_padding&quot;:{&quot;unit&quot;:&quot;px&quot;,&quot;top&quot;:&quot;&quot;,&quot;right&quot;:&quot;&quot;,&quot;bottom&quot;:&quot;&quot;,&quot;left&quot;:&quot;&quot;,&quot;isLinked&quot;:true},&quot;element_pack_global_tooltip_padding_tablet&quot;:{&quot;unit&quot;:&quot;px&quot;,&quot;top&quot;:&quot;&quot;,&quot;right&quot;:&quot;&quot;,&quot;bottom&quot;:&quot;&quot;,&quot;left&quot;:&quot;&quot;,&quot;isLinked&quot;:true},&quot;element_pack_global_tooltip_padding_mobile&quot;:{&quot;unit&quot;:&quot;px&quot;,&quot;top&quot;:&quot;&quot;,&quot;right&quot;:&quot;&quot;,&quot;bottom&quot;:&quot;&quot;,&quot;left&quot;:&quot;&quot;,&quot;isLinked&quot;:true},&quot;element_pack_global_tooltip_border_radius&quot;:{&quot;unit&quot;:&quot;px&quot;,&quot;top&quot;:&quot;&quot;,&quot;right&quot;:&quot;&quot;,&quot;bottom&quot;:&quot;&quot;,&quot;left&quot;:&quot;&quot;,&quot;isLinked&quot;:true},&quot;element_pack_global_tooltip_border_radius_tablet&quot;:{&quot;unit&quot;:&quot;px&quot;,&quot;top&quot;:&quot;&quot;,&quot;right&quot;:&quot;&quot;,&quot;bottom&quot;:&quot;&quot;,&quot;left&quot;:&quot;&quot;,&quot;isLinked&quot;:true},&quot;element_pack_global_tooltip_border_radius_mobile&quot;:{&quot;unit&quot;:&quot;px&quot;,&quot;top&quot;:&quot;&quot;,&quot;right&quot;:&quot;&quot;,&quot;bottom&quot;:&quot;&quot;,&quot;left&quot;:&quot;&quot;,&quot;isLinked&quot;:true}}\" data-elementor-post-type=\"page\">\n\t\t\t\t<div class=\"elementor-element elementor-element-6ab97ed e-flex e-con-boxed e-con e-parent\" data-id=\"6ab97ed\" data-element_type=\"container\" data-e-type=\"container\" data-settings=\"{&quot;background_background&quot;:&quot;classic&quot;}\">\n\t\t\t\t\t<div class=\"e-con-inner\">\n\t\t<div class=\"elementor-element elementor-element-7474d285 e-con-full e-flex e-con e-child\" data-id=\"7474d285\" data-element_type=\"container\" data-e-type=\"container\">\n\t\t\t\t<div class=\"elementor-element elementor-element-3978e0b7 elementor-widget elementor-widget-heading\" data-id=\"3978e0b7\" data-element_type=\"widget\" data-e-type=\"widget\" data-widget_type=\"heading.default\">\n\t\t\t\t\t<h2 class=\"elementor-heading-title elementor-size-default\">Lesiones Personales<\/h2>\t\t\t\t<\/div>\n\t\t\t\t<div class=\"elementor-element elementor-element-707040d2 elementor-widget-mobile__width-inherit elementor-invisible elementor-widget elementor-widget-button\" data-id=\"707040d2\" data-element_type=\"widget\" data-e-type=\"widget\" data-settings=\"{&quot;_animation&quot;:&quot;fadeInDown&quot;}\" data-widget_type=\"button.default\">\n\t\t\t\t\t\t\t\t\t\t<a class=\"elementor-button elementor-button-link elementor-size-sm\" href=\"#\">\n\t\t\t\t\t\t<span class=\"elementor-button-content-wrapper\">\n\t\t\t\t\t\t\t\t\t<span class=\"elementor-button-text\">CONSULTA GRATIS<\/span>\n\t\t\t\t\t<\/span>\n\t\t\t\t\t<\/a>\n\t\t\t\t\t\t\t\t<\/div>\n\t\t\t\t<\/div>\n\t\t<div class=\"elementor-element elementor-element-63f081b7 e-con-full e-flex e-con e-child\" data-id=\"63f081b7\" data-element_type=\"container\" data-e-type=\"container\">\n\t\t\t\t<div class=\"elementor-element elementor-element-437065eb elementor-widget elementor-widget-image\" data-id=\"437065eb\" data-element_type=\"widget\" data-e-type=\"widget\" data-widget_type=\"image.default\">\n\t\t\t\t\t\t\t\t\t\t\t\t\t\t\t<img fetchpriority=\"high\" decoding=\"async\" width=\"1920\" height=\"1280\" src=\"https:\/\/abogadocj.com\/wp-content\/uploads\/2025\/07\/hoestenbach_personal-injury_banner-1.jpg\" class=\"attachment-full size-full wp-image-75\" alt=\"\" srcset=\"https:\/\/abogadocj.com\/wp-content\/uploads\/2025\/07\/hoestenbach_personal-injury_banner-1.jpg 1920w, https:\/\/abogadocj.com\/wp-content\/uploads\/2025\/07\/hoestenbach_personal-injury_banner-1-300x200.jpg 300w, https:\/\/abogadocj.com\/wp-content\/uploads\/2025\/07\/hoestenbach_personal-injury_banner-1-1024x683.jpg 1024w, https:\/\/abogadocj.com\/wp-content\/uploads\/2025\/07\/hoestenbach_personal-injury_banner-1-768x512.jpg 768w, https:\/\/abogadocj.com\/wp-content\/uploads\/2025\/07\/hoestenbach_personal-injury_banner-1-1536x1024.jpg 1536w, https:\/\/abogadocj.com\/wp-content\/uploads\/2025\/07\/hoestenbach_personal-injury_banner-1-650x433.jpg 650w\" sizes=\"(max-width: 1920px) 100vw, 1920px\" \/>\t\t\t\t\t\t\t\t\t\t\t\t\t\t\t<\/div>\n\t\t\t\t<\/div>\n\t\t\t\t\t<\/div>\n\t\t\t\t<\/div>\n\t\t<div class=\"elementor-element elementor-element-1792aec6 e-flex e-con-boxed e-con e-parent\" data-id=\"1792aec6\" data-element_type=\"container\" data-e-type=\"container\" data-settings=\"{&quot;background_background&quot;:&quot;classic&quot;}\">\n\t\t\t\t\t<div class=\"e-con-inner\">\n\t\t<div class=\"elementor-element elementor-element-345628e e-con-full e-flex e-con e-child\" data-id=\"345628e\" data-element_type=\"container\" data-e-type=\"container\">\n\t\t\t\t<div class=\"elementor-element elementor-element-fd006b8 elementor-widget elementor-widget-text-editor\" data-id=\"fd006b8\" data-element_type=\"widget\" data-e-type=\"widget\" data-widget_type=\"text-editor.default\">\n\t\t\t\t\t\t\t\t\t<p data-pm-slice=\"1 1 []\">El abogado CJ tiene m\u00e1s de 20 a\u00f1os ayudando a personas que han sufrido accidentes de motocicleta, con resultados comprobados tanto en juicios como en apelaciones.<\/p><p>En nuestro bufete, hemos acompa\u00f1ado con \u00e9xito a conductores y pasajeros lesionados en una amplia variedad de casos: accidentes fatales con camiones, colisiones de motocicletas, choques por alcance, y situaciones con v\u00edctimas inocentes involucradas en accidentes causados por conductores bajo los efectos del alcohol, entre otros. Tambi\u00e9n hemos representado a personas lesionadas en accidentes peatonales, de bicicleta, y en casos con o sin seguro. Nos enorgullece haber conseguido resultados excepcionales para las v\u00edctimas y sus familias.<\/p><p>Tenemos presencia en los estados de Florida y Minnesota. Brindamos una atenci\u00f3n cercana y personalizada, lo que permite que nuestros clientes se sientan c\u00f3modos y puedan visitarnos f\u00e1cilmente. Adem\u00e1s, ofrecemos atenci\u00f3n domiciliaria para quienes necesiten agendar una cita o consulta desde la comodidad de su hogar.<\/p><p>Contamos con una s\u00f3lida trayectoria en el manejo de casos de accidentes de veh\u00edculos que incluyen disputas complejas con aseguradoras, as\u00ed como reclamaciones relacionadas con productos defectuosos, como problemas de dise\u00f1o o fabricaci\u00f3n en autom\u00f3viles. Si desea conocer algunos de nuestros casos recientes donde logramos compensaciones favorables, lo invitamos a ver nuestros videos informativos.<\/p><p>Nuestra misi\u00f3n es clara: lograr una compensaci\u00f3n justa y adecuada para cada uno de nuestros clientes.<\/p><p>Sabemos que los accidentes de tr\u00e1nsito son una de las principales causas de lesiones y muertes en Florida. Estos pueden derivar en condiciones m\u00e9dicas complejas, como lesiones cerebrales traum\u00e1ticas, fracturas, da\u00f1os en la columna cervical, lumbar o tor\u00e1cica, e incluso la p\u00e9rdida de la vida. Algunas de estas lesiones pueden requerir intervenciones quir\u00fargicas y tratamientos prolongados.<\/p><p>Sea cual sea su situaci\u00f3n, recuerde que solo nos paga si resolvemos su caso con \u00e9xito.<\/p>\t\t\t\t\t\t\t\t<\/div>\n\t\t\t\t<\/div>\n\t\t\t\t\t<\/div>\n\t\t\t\t<\/div>\n\t\t\t\t<\/div>","protected":false},"excerpt":{"rendered":"<p>Lesiones Personales CONSULTA GRATIS El abogado CJ tiene m\u00e1s de 20 a\u00f1os ayudando a personas que han sufrido accidentes de motocicleta, con [&hellip;]<\/p>\n","protected":false},"author":1,"featured_media":0,"parent":0,"menu_order":0,"comment_status":"closed","ping_status":"closed","template":"","meta":{"footnotes":""},"class_list":["post-54","page","type-page","status-publish","hentry"],"_links":{"self":[{"href":"https:\/\/abogadocj.com\/es\/wp-json\/wp\/v2\/pages\/54","targetHints":{"allow":["GET"]}}],"collection":[{"href":"https:\/\/abogadocj.com\/es\/wp-json\/wp\/v2\/pages"}],"about":[{"href":"https:\/\/abogadocj.com\/es\/wp-json\/wp\/v2\/types\/page"}],"author":[{"embeddable":true,"href":"https:\/\/abogadocj.com\/es\/wp-json\/wp\/v2\/users\/1"}],"replies":[{"embeddable":true,"href":"https:\/\/abogadocj.com\/es\/wp-json\/wp\/v2\/comments?post=54"}],"version-history":[{"count":8,"href":"https:\/\/abogadocj.com\/es\/wp-json\/wp\/v2\/pages\/54\/revisions"}],"predecessor-version":[{"id":78,"href":"https:\/\/abogadocj.com\/es\/wp-json\/wp\/v2\/pages\/54\/revisions\/78"}],"wp:attachment":[{"href":"https:\/\/abogadocj.com\/es\/wp-json\/wp\/v2\/media?parent=54"}],"curies":[{"name":"wp","href":"https:\/\/api.w.org\/{rel}","templated":true}]}}