{"id":593,"date":"2025-07-17T12:50:07","date_gmt":"2025-07-17T12:50:07","guid":{"rendered":"https:\/\/lavenderblush-snake-537685.hostingersite.com\/?page_id=593"},"modified":"2025-07-18T16:09:21","modified_gmt":"2025-07-18T16:09:21","slug":"nosotros","status":"publish","type":"page","link":"https:\/\/abogadocj.com\/es\/nosotros\/","title":{"rendered":"Nosotros"},"content":{"rendered":"\t\t<div data-elementor-type=\"wp-page\" data-elementor-id=\"593\" class=\"elementor elementor-593\" data-elementor-settings=\"{&quot;element_pack_global_tooltip_width&quot;:{&quot;unit&quot;:&quot;px&quot;,&quot;size&quot;:&quot;&quot;,&quot;sizes&quot;:[]},&quot;element_pack_global_tooltip_width_tablet&quot;:{&quot;unit&quot;:&quot;px&quot;,&quot;size&quot;:&quot;&quot;,&quot;sizes&quot;:[]},&quot;element_pack_global_tooltip_width_mobile&quot;:{&quot;unit&quot;:&quot;px&quot;,&quot;size&quot;:&quot;&quot;,&quot;sizes&quot;:[]},&quot;element_pack_global_tooltip_padding&quot;:{&quot;unit&quot;:&quot;px&quot;,&quot;top&quot;:&quot;&quot;,&quot;right&quot;:&quot;&quot;,&quot;bottom&quot;:&quot;&quot;,&quot;left&quot;:&quot;&quot;,&quot;isLinked&quot;:true},&quot;element_pack_global_tooltip_padding_tablet&quot;:{&quot;unit&quot;:&quot;px&quot;,&quot;top&quot;:&quot;&quot;,&quot;right&quot;:&quot;&quot;,&quot;bottom&quot;:&quot;&quot;,&quot;left&quot;:&quot;&quot;,&quot;isLinked&quot;:true},&quot;element_pack_global_tooltip_padding_mobile&quot;:{&quot;unit&quot;:&quot;px&quot;,&quot;top&quot;:&quot;&quot;,&quot;right&quot;:&quot;&quot;,&quot;bottom&quot;:&quot;&quot;,&quot;left&quot;:&quot;&quot;,&quot;isLinked&quot;:true},&quot;element_pack_global_tooltip_border_radius&quot;:{&quot;unit&quot;:&quot;px&quot;,&quot;top&quot;:&quot;&quot;,&quot;right&quot;:&quot;&quot;,&quot;bottom&quot;:&quot;&quot;,&quot;left&quot;:&quot;&quot;,&quot;isLinked&quot;:true},&quot;element_pack_global_tooltip_border_radius_tablet&quot;:{&quot;unit&quot;:&quot;px&quot;,&quot;top&quot;:&quot;&quot;,&quot;right&quot;:&quot;&quot;,&quot;bottom&quot;:&quot;&quot;,&quot;left&quot;:&quot;&quot;,&quot;isLinked&quot;:true},&quot;element_pack_global_tooltip_border_radius_mobile&quot;:{&quot;unit&quot;:&quot;px&quot;,&quot;top&quot;:&quot;&quot;,&quot;right&quot;:&quot;&quot;,&quot;bottom&quot;:&quot;&quot;,&quot;left&quot;:&quot;&quot;,&quot;isLinked&quot;:true}}\" data-elementor-post-type=\"page\">\n\t\t\t\t<div class=\"elementor-element elementor-element-3f5c438 e-con-full e-flex e-con e-parent\" data-id=\"3f5c438\" data-element_type=\"container\" data-e-type=\"container\">\n\t\t\t\t<div class=\"elementor-element elementor-element-a7962d3 elementor-widget elementor-widget-image\" data-id=\"a7962d3\" data-element_type=\"widget\" data-e-type=\"widget\" data-widget_type=\"image.default\">\n\t\t\t\t\t\t\t\t\t\t\t\t\t\t\t<img decoding=\"async\" width=\"1\" height=\"1\" src=\"https:\/\/abogadocj.com\/wp-content\/uploads\/2025\/07\/Banner-1.png\" class=\"attachment-large size-large wp-image-682\" alt=\"\" \/>\t\t\t\t\t\t\t\t\t\t\t\t\t\t\t<\/div>\n\t\t\t\t<\/div>\n\t\t\t\t<section class=\"elementor-section elementor-top-section elementor-element elementor-element-e8700a2 elementor-section-boxed elementor-section-height-default elementor-section-height-default\" data-id=\"e8700a2\" data-element_type=\"section\" data-e-type=\"section\">\n\t\t\t\t\t\t<div class=\"elementor-container elementor-column-gap-default\">\n\t\t\t\t\t<div class=\"elementor-column elementor-col-50 elementor-top-column elementor-element elementor-element-7ac974e9\" data-id=\"7ac974e9\" data-element_type=\"column\" data-e-type=\"column\">\n\t\t\t<div class=\"elementor-widget-wrap elementor-element-populated\">\n\t\t\t\t\t\t<div class=\"elementor-section elementor-inner-section elementor-element elementor-element-5f8e8e8e elementor-section-boxed elementor-section-height-default elementor-section-height-default\" data-id=\"5f8e8e8e\" data-element_type=\"section\" data-e-type=\"section\">\n\t\t\t\t\t\t<div class=\"elementor-container elementor-column-gap-default\">\n\t\t\t\t\t<div class=\"elementor-column elementor-col-50 elementor-inner-column elementor-element elementor-element-247009b2\" data-id=\"247009b2\" data-element_type=\"column\" data-e-type=\"column\">\n\t\t\t<div class=\"elementor-widget-wrap elementor-element-populated\">\n\t\t\t\t\t\t<div class=\"elementor-element elementor-element-3e797a97 elementor-invisible elementor-widget elementor-widget-bdt-advanced-counter\" data-id=\"3e797a97\" data-element_type=\"widget\" data-e-type=\"widget\" data-settings=\"{&quot;_animation&quot;:&quot;fadeInUp&quot;,&quot;_animation_delay&quot;:100}\" data-widget_type=\"bdt-advanced-counter.default\">\n\t\t\t\t\t\t\t<div class=\"bdt-ep-advanced-counter\" data-settings=\"{&quot;id&quot;:&quot;bdt-ep-advanced-counter-data-3e797a97&quot;,&quot;countStart&quot;:1,&quot;countNumber&quot;:31,&quot;language&quot;:[&quot;0&quot;,&quot;1&quot;,&quot;2&quot;,&quot;3&quot;,&quot;4&quot;,&quot;5&quot;,&quot;6&quot;,&quot;7&quot;,&quot;8&quot;,&quot;9&quot;],&quot;duration&quot;:&quot;2&quot;,&quot;useEasing&quot;:&quot;yes&quot;,&quot;useGrouping&quot;:&quot;no&quot;,&quot;decimalSymbol&quot;:&quot;.&quot;}\">\n\t\t\t\t\t\t\t\t\t\n\t\t\t\t\t\t\t<div class=\"bdt-ep-advanced-counter-content\">\n\t\t\t\t\t\t\t\t\t\n\t\t\t\t\t<div class=\"bdt-ep-advanced-counter-number\">\n\t\t\t\t<span class=\"bdt-count-this\" id=\"bdt-ep-advanced-counter-data-3e797a97\" >\n\t\t\t\t\t31\t\t\t\t<\/span>\n\t\t\t<\/div>\n\t\t\t\t\t\t\t\t\t\t\t\t\t\t\t\t\t\t\t\t<h4\t\t\t\t\t\tclass=\"bdt-ep-advanced-counter-text\">\n\t\t\t\t\t\tAbogados\t\t\t\t\t<\/h4>\n\t\t\t\t\t\t\t<\/div>\n\t\t<\/div>\n\n\t\t\n\t\t\t\t<\/div>\n\t\t\t\t\t<\/div>\n\t\t<\/div>\n\t\t\t\t<div class=\"elementor-column elementor-col-50 elementor-inner-column elementor-element elementor-element-10f62d2f\" data-id=\"10f62d2f\" data-element_type=\"column\" data-e-type=\"column\">\n\t\t\t<div class=\"elementor-widget-wrap elementor-element-populated\">\n\t\t\t\t\t\t<div class=\"elementor-element elementor-element-2d5d537b elementor-invisible elementor-widget elementor-widget-bdt-advanced-counter\" data-id=\"2d5d537b\" data-element_type=\"widget\" data-e-type=\"widget\" data-settings=\"{&quot;_animation&quot;:&quot;fadeInUp&quot;,&quot;_animation_delay&quot;:200}\" data-widget_type=\"bdt-advanced-counter.default\">\n\t\t\t\t\t\t\t<div class=\"bdt-ep-advanced-counter\" data-settings=\"{&quot;id&quot;:&quot;bdt-ep-advanced-counter-data-2d5d537b&quot;,&quot;countStart&quot;:1,&quot;countNumber&quot;:1700,&quot;language&quot;:[&quot;0&quot;,&quot;1&quot;,&quot;2&quot;,&quot;3&quot;,&quot;4&quot;,&quot;5&quot;,&quot;6&quot;,&quot;7&quot;,&quot;8&quot;,&quot;9&quot;],&quot;duration&quot;:&quot;2&quot;,&quot;useEasing&quot;:&quot;yes&quot;,&quot;useGrouping&quot;:&quot;no&quot;,&quot;decimalSymbol&quot;:&quot;.&quot;,&quot;counterSuffix&quot;:&quot;+&quot;}\">\n\t\t\t\t\t\t\t\t\t\n\t\t\t\t\t\t\t<div class=\"bdt-ep-advanced-counter-content\">\n\t\t\t\t\t\t\t\t\t\n\t\t\t\t\t<div class=\"bdt-ep-advanced-counter-number\">\n\t\t\t\t<span class=\"bdt-count-this\" id=\"bdt-ep-advanced-counter-data-2d5d537b\" >\n\t\t\t\t\t1700\t\t\t\t<\/span>\n\t\t\t<\/div>\n\t\t\t\t\t\t\t\t\t\t\t\t\t\t\t\t\t\t\t\t<h4\t\t\t\t\t\tclass=\"bdt-ep-advanced-counter-text\">\n\t\t\t\t\t\tCasos ganados\t\t\t\t\t<\/h4>\n\t\t\t\t\t\t\t<\/div>\n\t\t<\/div>\n\n\t\t\n\t\t\t\t<\/div>\n\t\t\t\t\t<\/div>\n\t\t<\/div>\n\t\t\t\t\t<\/div>\n\t\t<\/div>\n\t\t\t\t<div class=\"elementor-section elementor-inner-section elementor-element elementor-element-fcc404f elementor-section-boxed elementor-section-height-default elementor-section-height-default\" data-id=\"fcc404f\" data-element_type=\"section\" data-e-type=\"section\">\n\t\t\t\t\t\t<div class=\"elementor-container elementor-column-gap-default\">\n\t\t\t\t\t<div class=\"elementor-column elementor-col-50 elementor-inner-column elementor-element elementor-element-22f5e488\" data-id=\"22f5e488\" data-element_type=\"column\" data-e-type=\"column\">\n\t\t\t<div class=\"elementor-widget-wrap elementor-element-populated\">\n\t\t\t\t\t\t<div class=\"elementor-element elementor-element-53bf4b76 elementor-invisible elementor-widget elementor-widget-bdt-advanced-counter\" data-id=\"53bf4b76\" data-element_type=\"widget\" data-e-type=\"widget\" data-settings=\"{&quot;_animation&quot;:&quot;fadeInUp&quot;,&quot;_animation_delay&quot;:300}\" data-widget_type=\"bdt-advanced-counter.default\">\n\t\t\t\t\t\t\t<div class=\"bdt-ep-advanced-counter\" data-settings=\"{&quot;id&quot;:&quot;bdt-ep-advanced-counter-data-53bf4b76&quot;,&quot;countStart&quot;:1,&quot;countNumber&quot;:2,&quot;language&quot;:[&quot;0&quot;,&quot;1&quot;,&quot;2&quot;,&quot;3&quot;,&quot;4&quot;,&quot;5&quot;,&quot;6&quot;,&quot;7&quot;,&quot;8&quot;,&quot;9&quot;],&quot;duration&quot;:&quot;2&quot;,&quot;useEasing&quot;:&quot;yes&quot;,&quot;useGrouping&quot;:&quot;no&quot;,&quot;decimalSymbol&quot;:&quot;.&quot;,&quot;counterSuffix&quot;:&quot;K+&quot;}\">\n\t\t\t\t\t\t\t\t\t\n\t\t\t\t\t\t\t<div class=\"bdt-ep-advanced-counter-content\">\n\t\t\t\t\t\t\t\t\t\n\t\t\t\t\t<div class=\"bdt-ep-advanced-counter-number\">\n\t\t\t\t<span class=\"bdt-count-this\" id=\"bdt-ep-advanced-counter-data-53bf4b76\" >\n\t\t\t\t\t2\t\t\t\t<\/span>\n\t\t\t<\/div>\n\t\t\t\t\t\t\t\t\t\t\t\t\t\t\t\t\t\t\t\t<h4\t\t\t\t\t\tclass=\"bdt-ep-advanced-counter-text\">\n\t\t\t\t\t\tClientes felices\t\t\t\t\t<\/h4>\n\t\t\t\t\t\t\t<\/div>\n\t\t<\/div>\n\n\t\t\n\t\t\t\t<\/div>\n\t\t\t\t\t<\/div>\n\t\t<\/div>\n\t\t\t\t<div class=\"elementor-column elementor-col-50 elementor-inner-column elementor-element elementor-element-1cbd9540\" data-id=\"1cbd9540\" data-element_type=\"column\" data-e-type=\"column\">\n\t\t\t<div class=\"elementor-widget-wrap elementor-element-populated\">\n\t\t\t\t\t\t<div class=\"elementor-element elementor-element-12ccc4c1 elementor-invisible elementor-widget elementor-widget-bdt-advanced-counter\" data-id=\"12ccc4c1\" data-element_type=\"widget\" data-e-type=\"widget\" data-settings=\"{&quot;_animation&quot;:&quot;fadeInUp&quot;,&quot;_animation_delay&quot;:400}\" data-widget_type=\"bdt-advanced-counter.default\">\n\t\t\t\t\t\t\t<div class=\"bdt-ep-advanced-counter\" data-settings=\"{&quot;id&quot;:&quot;bdt-ep-advanced-counter-data-12ccc4c1&quot;,&quot;countStart&quot;:1,&quot;countNumber&quot;:33,&quot;language&quot;:[&quot;0&quot;,&quot;1&quot;,&quot;2&quot;,&quot;3&quot;,&quot;4&quot;,&quot;5&quot;,&quot;6&quot;,&quot;7&quot;,&quot;8&quot;,&quot;9&quot;],&quot;duration&quot;:&quot;2&quot;,&quot;useEasing&quot;:&quot;yes&quot;,&quot;useGrouping&quot;:&quot;no&quot;,&quot;decimalSymbol&quot;:&quot;.&quot;}\">\n\t\t\t\t\t\t\t\t\t\n\t\t\t\t\t\t\t<div class=\"bdt-ep-advanced-counter-content\">\n\t\t\t\t\t\t\t\t\t\n\t\t\t\t\t<div class=\"bdt-ep-advanced-counter-number\">\n\t\t\t\t<span class=\"bdt-count-this\" id=\"bdt-ep-advanced-counter-data-12ccc4c1\" >\n\t\t\t\t\t33\t\t\t\t<\/span>\n\t\t\t<\/div>\n\t\t\t\t\t\t\t\t\t\t\t\t\t\t\t\t\t\t\t\t<h4\t\t\t\t\t\tclass=\"bdt-ep-advanced-counter-text\">\n\t\t\t\t\t\tA\u0144os\t\t\t\t\t<\/h4>\n\t\t\t\t\t\t\t<\/div>\n\t\t<\/div>\n\n\t\t\n\t\t\t\t<\/div>\n\t\t\t\t\t<\/div>\n\t\t<\/div>\n\t\t\t\t\t<\/div>\n\t\t<\/div>\n\t\t\t\t\t<\/div>\n\t\t<\/div>\n\t\t\t\t<div class=\"elementor-column elementor-col-50 elementor-top-column elementor-element elementor-element-3641ade3\" data-id=\"3641ade3\" data-element_type=\"column\" data-e-type=\"column\">\n\t\t\t<div class=\"elementor-widget-wrap elementor-element-populated\">\n\t\t\t\t\t\t<div class=\"elementor-element elementor-element-4d5b343e elementor-invisible elementor-widget elementor-widget-text-editor\" data-id=\"4d5b343e\" data-element_type=\"widget\" data-e-type=\"widget\" data-settings=\"{&quot;_animation&quot;:&quot;fadeInUp&quot;,&quot;_animation_delay&quot;:500}\" data-widget_type=\"text-editor.default\">\n\t\t\t\t\t\t\t\t\t<p data-start=\"220\" data-end=\"558\">En <strong data-start=\"223\" data-end=\"236\">Czaia Law<\/strong>, entendemos que enfrentar un accidente, una lesi\u00f3n grave o un proceso migratorio puede ser uno de los momentos m\u00e1s estresantes y decisivos en la vida de una persona. Por eso, durante m\u00e1s de 30 a\u00f1os, nos hemos dedicado a representar con compromiso, integridad y compasi\u00f3n a miles de clientes en el sur y centro de Florida.<\/p><p data-start=\"560\" data-end=\"949\">Nuestra firma se especializa en casos de lesiones personales, accidentes de auto, motocicleta, cami\u00f3n, responsabilidad civil y tambi\u00e9n en procesos de inmigraci\u00f3n. Cada caso es \u00fanico, y por eso brindamos una atenci\u00f3n personalizada, clara y honesta desde el primer contacto. Creemos en el acceso justo a la justicia: nuestros clientes no pagan honorarios legales a menos que ganemos su caso.<\/p><p data-start=\"951\" data-end=\"1164\">Contamos con un equipo biling\u00fce altamente capacitado que acompa\u00f1a a nuestros clientes durante todo el proceso legal, explicando cada paso con transparencia y asegur\u00e1ndose de que se sientan escuchados y protegidos.<\/p><p data-start=\"1166\" data-end=\"1421\">En Czaia Law, no solo buscamos compensaciones econ\u00f3micas: luchamos por el bienestar, la estabilidad y el futuro de quienes conf\u00edan en nosotros. Estamos aqu\u00ed para ayudarte a salir adelante, con la experiencia legal que necesitas y la humanidad que mereces.<\/p>\t\t\t\t\t\t\t\t<\/div>\n\t\t\t\t\t<\/div>\n\t\t<\/div>\n\t\t\t\t\t<\/div>\n\t\t<\/section>\n\t\t\t\t<section class=\"elementor-section elementor-top-section elementor-element elementor-element-4ebfd1f6 elementor-section-boxed elementor-section-height-default elementor-section-height-default\" data-id=\"4ebfd1f6\" data-element_type=\"section\" data-e-type=\"section\">\n\t\t\t\t\t\t<div class=\"elementor-container elementor-column-gap-default\">\n\t\t\t\t\t<div class=\"elementor-column elementor-col-100 elementor-top-column elementor-element elementor-element-761cd353\" data-id=\"761cd353\" data-element_type=\"column\" data-e-type=\"column\">\n\t\t\t<div class=\"elementor-widget-wrap elementor-element-populated\">\n\t\t\t\t\t\t<div class=\"elementor-element elementor-element-5a4b2fca elementor-invisible elementor-widget elementor-widget-heading\" data-id=\"5a4b2fca\" data-element_type=\"widget\" data-e-type=\"widget\" data-settings=\"{&quot;_animation&quot;:&quot;fadeInUp&quot;}\" data-widget_type=\"heading.default\">\n\t\t\t\t\t<h2 class=\"elementor-heading-title elementor-size-default\">Nuestro Equipo<\/h2>\t\t\t\t<\/div>\n\t\t\t\t<section class=\"elementor-section elementor-inner-section elementor-element elementor-element-589b67c1 elementor-section-boxed elementor-section-height-default elementor-section-height-default\" data-id=\"589b67c1\" data-element_type=\"section\" data-e-type=\"section\">\n\t\t\t\t\t\t<div class=\"elementor-container elementor-column-gap-default\">\n\t\t\t\t\t<div class=\"elementor-column elementor-col-25 elementor-inner-column elementor-element elementor-element-5e1ad4ae elementor-invisible\" data-id=\"5e1ad4ae\" data-element_type=\"column\" data-e-type=\"column\" data-settings=\"{&quot;animation&quot;:&quot;fadeInUp&quot;,&quot;animation_delay&quot;:600}\">\n\t\t\t<div class=\"elementor-widget-wrap elementor-element-populated\">\n\t\t\t\t\t\t<div class=\"elementor-element elementor-element-38b0c55 elementor-widget elementor-widget-image\" data-id=\"38b0c55\" data-element_type=\"widget\" data-e-type=\"widget\" data-widget_type=\"image.default\">\n\t\t\t\t\t\t\t\t\t\t\t\t\t\t\t<img fetchpriority=\"high\" decoding=\"async\" width=\"1709\" height=\"2560\" src=\"https:\/\/abogadocj.com\/wp-content\/uploads\/2025\/07\/DOS_3189-scaled.jpg\" class=\"attachment-full size-full wp-image-615\" alt=\"\" srcset=\"https:\/\/abogadocj.com\/wp-content\/uploads\/2025\/07\/DOS_3189-scaled.jpg 1709w, https:\/\/abogadocj.com\/wp-content\/uploads\/2025\/07\/DOS_3189-200x300.jpg 200w, https:\/\/abogadocj.com\/wp-content\/uploads\/2025\/07\/DOS_3189-684x1024.jpg 684w, https:\/\/abogadocj.com\/wp-content\/uploads\/2025\/07\/DOS_3189-768x1151.jpg 768w, https:\/\/abogadocj.com\/wp-content\/uploads\/2025\/07\/DOS_3189-1025x1536.jpg 1025w, https:\/\/abogadocj.com\/wp-content\/uploads\/2025\/07\/DOS_3189-1367x2048.jpg 1367w, https:\/\/abogadocj.com\/wp-content\/uploads\/2025\/07\/DOS_3189-8x12.jpg 8w, https:\/\/abogadocj.com\/wp-content\/uploads\/2025\/07\/DOS_3189-434x650.jpg 434w\" sizes=\"(max-width: 1709px) 100vw, 1709px\" \/>\t\t\t\t\t\t\t\t\t\t\t\t\t\t\t<\/div>\n\t\t\t\t<div class=\"elementor-element elementor-element-3311b2aa elementor-widget elementor-widget-heading\" data-id=\"3311b2aa\" data-element_type=\"widget\" data-e-type=\"widget\" data-widget_type=\"heading.default\">\n\t\t\t\t\t<h4 class=\"elementor-heading-title elementor-size-default\">Dylan Ambrose<\/h4>\t\t\t\t<\/div>\n\t\t\t\t\t<\/div>\n\t\t<\/div>\n\t\t\t\t<div class=\"elementor-column elementor-col-25 elementor-inner-column elementor-element elementor-element-23bce1b7 elementor-invisible\" data-id=\"23bce1b7\" data-element_type=\"column\" data-e-type=\"column\" data-settings=\"{&quot;animation&quot;:&quot;fadeInUp&quot;,&quot;animation_delay&quot;:700}\">\n\t\t\t<div class=\"elementor-widget-wrap elementor-element-populated\">\n\t\t\t\t\t\t<div class=\"elementor-element elementor-element-7aa74033 elementor-widget elementor-widget-image\" data-id=\"7aa74033\" data-element_type=\"widget\" data-e-type=\"widget\" data-widget_type=\"image.default\">\n\t\t\t\t\t\t\t\t\t\t\t\t\t\t\t<img decoding=\"async\" width=\"1709\" height=\"2560\" src=\"https:\/\/abogadocj.com\/wp-content\/uploads\/2025\/07\/DOS_3243-scaled.jpg\" class=\"attachment-full size-full wp-image-616\" alt=\"\" srcset=\"https:\/\/abogadocj.com\/wp-content\/uploads\/2025\/07\/DOS_3243-scaled.jpg 1709w, https:\/\/abogadocj.com\/wp-content\/uploads\/2025\/07\/DOS_3243-200x300.jpg 200w, https:\/\/abogadocj.com\/wp-content\/uploads\/2025\/07\/DOS_3243-684x1024.jpg 684w, https:\/\/abogadocj.com\/wp-content\/uploads\/2025\/07\/DOS_3243-768x1151.jpg 768w, https:\/\/abogadocj.com\/wp-content\/uploads\/2025\/07\/DOS_3243-1025x1536.jpg 1025w, https:\/\/abogadocj.com\/wp-content\/uploads\/2025\/07\/DOS_3243-1367x2048.jpg 1367w, https:\/\/abogadocj.com\/wp-content\/uploads\/2025\/07\/DOS_3243-8x12.jpg 8w, https:\/\/abogadocj.com\/wp-content\/uploads\/2025\/07\/DOS_3243-434x650.jpg 434w\" sizes=\"(max-width: 1709px) 100vw, 1709px\" \/>\t\t\t\t\t\t\t\t\t\t\t\t\t\t\t<\/div>\n\t\t\t\t<div class=\"elementor-element elementor-element-4c07aae1 elementor-widget elementor-widget-heading\" data-id=\"4c07aae1\" data-element_type=\"widget\" data-e-type=\"widget\" data-widget_type=\"heading.default\">\n\t\t\t\t\t<h4 class=\"elementor-heading-title elementor-size-default\">Macy Maher<\/h4>\t\t\t\t<\/div>\n\t\t\t\t\t<\/div>\n\t\t<\/div>\n\t\t\t\t<div class=\"elementor-column elementor-col-25 elementor-inner-column elementor-element elementor-element-34b6b32 elementor-invisible\" data-id=\"34b6b32\" data-element_type=\"column\" data-e-type=\"column\" data-settings=\"{&quot;animation&quot;:&quot;fadeInUp&quot;,&quot;animation_delay&quot;:800}\">\n\t\t\t<div class=\"elementor-widget-wrap elementor-element-populated\">\n\t\t\t\t\t\t<div class=\"elementor-element elementor-element-6aff5c48 elementor-widget elementor-widget-image\" data-id=\"6aff5c48\" data-element_type=\"widget\" data-e-type=\"widget\" data-widget_type=\"image.default\">\n\t\t\t\t\t\t\t\t\t\t\t\t\t\t\t<img loading=\"lazy\" decoding=\"async\" width=\"1709\" height=\"2560\" src=\"https:\/\/abogadocj.com\/wp-content\/uploads\/2025\/07\/DOS_3263-scaled.jpg\" class=\"attachment-full size-full wp-image-617\" alt=\"\" srcset=\"https:\/\/abogadocj.com\/wp-content\/uploads\/2025\/07\/DOS_3263-scaled.jpg 1709w, https:\/\/abogadocj.com\/wp-content\/uploads\/2025\/07\/DOS_3263-200x300.jpg 200w, https:\/\/abogadocj.com\/wp-content\/uploads\/2025\/07\/DOS_3263-684x1024.jpg 684w, https:\/\/abogadocj.com\/wp-content\/uploads\/2025\/07\/DOS_3263-768x1151.jpg 768w, https:\/\/abogadocj.com\/wp-content\/uploads\/2025\/07\/DOS_3263-1025x1536.jpg 1025w, https:\/\/abogadocj.com\/wp-content\/uploads\/2025\/07\/DOS_3263-1367x2048.jpg 1367w, https:\/\/abogadocj.com\/wp-content\/uploads\/2025\/07\/DOS_3263-8x12.jpg 8w, https:\/\/abogadocj.com\/wp-content\/uploads\/2025\/07\/DOS_3263-434x650.jpg 434w\" sizes=\"(max-width: 1709px) 100vw, 1709px\" \/>\t\t\t\t\t\t\t\t\t\t\t\t\t\t\t<\/div>\n\t\t\t\t<div class=\"elementor-element elementor-element-165bc3a4 elementor-widget elementor-widget-heading\" data-id=\"165bc3a4\" data-element_type=\"widget\" data-e-type=\"widget\" data-widget_type=\"heading.default\">\n\t\t\t\t\t<h4 class=\"elementor-heading-title elementor-size-default\">Regan Rosen<\/h4>\t\t\t\t<\/div>\n\t\t\t\t\t<\/div>\n\t\t<\/div>\n\t\t\t\t<div class=\"elementor-column elementor-col-25 elementor-inner-column elementor-element elementor-element-67cb5ab7 elementor-invisible\" data-id=\"67cb5ab7\" data-element_type=\"column\" data-e-type=\"column\" data-settings=\"{&quot;animation&quot;:&quot;fadeInUp&quot;,&quot;animation_delay&quot;:900}\">\n\t\t\t<div class=\"elementor-widget-wrap elementor-element-populated\">\n\t\t\t\t\t\t<div class=\"elementor-element elementor-element-60c1e592 elementor-widget elementor-widget-image\" data-id=\"60c1e592\" data-element_type=\"widget\" data-e-type=\"widget\" data-widget_type=\"image.default\">\n\t\t\t\t\t\t\t\t\t\t\t\t\t\t\t<img loading=\"lazy\" decoding=\"async\" width=\"1709\" height=\"2560\" src=\"https:\/\/abogadocj.com\/wp-content\/uploads\/2025\/07\/DOS_3281-scaled.jpg\" class=\"attachment-full size-full wp-image-618\" alt=\"\" srcset=\"https:\/\/abogadocj.com\/wp-content\/uploads\/2025\/07\/DOS_3281-scaled.jpg 1709w, https:\/\/abogadocj.com\/wp-content\/uploads\/2025\/07\/DOS_3281-200x300.jpg 200w, https:\/\/abogadocj.com\/wp-content\/uploads\/2025\/07\/DOS_3281-684x1024.jpg 684w, https:\/\/abogadocj.com\/wp-content\/uploads\/2025\/07\/DOS_3281-768x1151.jpg 768w, https:\/\/abogadocj.com\/wp-content\/uploads\/2025\/07\/DOS_3281-1025x1536.jpg 1025w, https:\/\/abogadocj.com\/wp-content\/uploads\/2025\/07\/DOS_3281-1367x2048.jpg 1367w, https:\/\/abogadocj.com\/wp-content\/uploads\/2025\/07\/DOS_3281-8x12.jpg 8w, https:\/\/abogadocj.com\/wp-content\/uploads\/2025\/07\/DOS_3281-434x650.jpg 434w\" sizes=\"(max-width: 1709px) 100vw, 1709px\" \/>\t\t\t\t\t\t\t\t\t\t\t\t\t\t\t<\/div>\n\t\t\t\t<div class=\"elementor-element elementor-element-1e7360df elementor-widget elementor-widget-heading\" data-id=\"1e7360df\" data-element_type=\"widget\" data-e-type=\"widget\" data-widget_type=\"heading.default\">\n\t\t\t\t\t<h4 class=\"elementor-heading-title elementor-size-default\">Demi Wilkinson<\/h4>\t\t\t\t<\/div>\n\t\t\t\t\t<\/div>\n\t\t<\/div>\n\t\t\t\t\t<\/div>\n\t\t<\/section>\n\t\t\t\t\t<\/div>\n\t\t<\/div>\n\t\t\t\t\t<\/div>\n\t\t<\/section>\n\t\t\t\t<\/div>\n\t\t","protected":false},"excerpt":{"rendered":"<p>31 Abogados 1700 Casos ganados 2 Clientes felices 33 A\u0144os En Czaia Law, entendemos que enfrentar un accidente, una lesi\u00f3n grave o [&hellip;]<\/p>\n","protected":false},"author":1,"featured_media":0,"parent":0,"menu_order":0,"comment_status":"closed","ping_status":"closed","template":"","meta":{"footnotes":""},"class_list":["post-593","page","type-page","status-publish","hentry"],"_links":{"self":[{"href":"https:\/\/abogadocj.com\/es\/wp-json\/wp\/v2\/pages\/593","targetHints":{"allow":["GET"]}}],"collection":[{"href":"https:\/\/abogadocj.com\/es\/wp-json\/wp\/v2\/pages"}],"about":[{"href":"https:\/\/abogadocj.com\/es\/wp-json\/wp\/v2\/types\/page"}],"author":[{"embeddable":true,"href":"https:\/\/abogadocj.com\/es\/wp-json\/wp\/v2\/users\/1"}],"replies":[{"embeddable":true,"href":"https:\/\/abogadocj.com\/es\/wp-json\/wp\/v2\/comments?post=593"}],"version-history":[{"count":13,"href":"https:\/\/abogadocj.com\/es\/wp-json\/wp\/v2\/pages\/593\/revisions"}],"predecessor-version":[{"id":698,"href":"https:\/\/abogadocj.com\/es\/wp-json\/wp\/v2\/pages\/593\/revisions\/698"}],"wp:attachment":[{"href":"https:\/\/abogadocj.com\/es\/wp-json\/wp\/v2\/media?parent=593"}],"curies":[{"name":"wp","href":"https:\/\/api.w.org\/{rel}","templated":true}]}}