{"id":699,"date":"2025-07-21T12:45:08","date_gmt":"2025-07-21T12:45:08","guid":{"rendered":"https:\/\/lavenderblush-snake-537685.hostingersite.com\/?page_id=699"},"modified":"2025-07-21T12:46:35","modified_gmt":"2025-07-21T12:46:35","slug":"lesiones-personales-3","status":"publish","type":"page","link":"https:\/\/abogadocj.com\/es\/lesiones-personales-3\/","title":{"rendered":"Lesiones Personales"},"content":{"rendered":"<div data-elementor-type=\"wp-page\" data-elementor-id=\"699\" class=\"elementor elementor-699\" data-elementor-settings=\"{&quot;element_pack_global_tooltip_width&quot;:{&quot;unit&quot;:&quot;px&quot;,&quot;size&quot;:&quot;&quot;,&quot;sizes&quot;:[]},&quot;element_pack_global_tooltip_width_tablet&quot;:{&quot;unit&quot;:&quot;px&quot;,&quot;size&quot;:&quot;&quot;,&quot;sizes&quot;:[]},&quot;element_pack_global_tooltip_width_mobile&quot;:{&quot;unit&quot;:&quot;px&quot;,&quot;size&quot;:&quot;&quot;,&quot;sizes&quot;:[]},&quot;element_pack_global_tooltip_padding&quot;:{&quot;unit&quot;:&quot;px&quot;,&quot;top&quot;:&quot;&quot;,&quot;right&quot;:&quot;&quot;,&quot;bottom&quot;:&quot;&quot;,&quot;left&quot;:&quot;&quot;,&quot;isLinked&quot;:true},&quot;element_pack_global_tooltip_padding_tablet&quot;:{&quot;unit&quot;:&quot;px&quot;,&quot;top&quot;:&quot;&quot;,&quot;right&quot;:&quot;&quot;,&quot;bottom&quot;:&quot;&quot;,&quot;left&quot;:&quot;&quot;,&quot;isLinked&quot;:true},&quot;element_pack_global_tooltip_padding_mobile&quot;:{&quot;unit&quot;:&quot;px&quot;,&quot;top&quot;:&quot;&quot;,&quot;right&quot;:&quot;&quot;,&quot;bottom&quot;:&quot;&quot;,&quot;left&quot;:&quot;&quot;,&quot;isLinked&quot;:true},&quot;element_pack_global_tooltip_border_radius&quot;:{&quot;unit&quot;:&quot;px&quot;,&quot;top&quot;:&quot;&quot;,&quot;right&quot;:&quot;&quot;,&quot;bottom&quot;:&quot;&quot;,&quot;left&quot;:&quot;&quot;,&quot;isLinked&quot;:true},&quot;element_pack_global_tooltip_border_radius_tablet&quot;:{&quot;unit&quot;:&quot;px&quot;,&quot;top&quot;:&quot;&quot;,&quot;right&quot;:&quot;&quot;,&quot;bottom&quot;:&quot;&quot;,&quot;left&quot;:&quot;&quot;,&quot;isLinked&quot;:true},&quot;element_pack_global_tooltip_border_radius_mobile&quot;:{&quot;unit&quot;:&quot;px&quot;,&quot;top&quot;:&quot;&quot;,&quot;right&quot;:&quot;&quot;,&quot;bottom&quot;:&quot;&quot;,&quot;left&quot;:&quot;&quot;,&quot;isLinked&quot;:true}}\" data-elementor-post-type=\"page\">\n\t\t\t\t\t\t<div class=\"elementor-section elementor-top-section elementor-element elementor-element-1676131d elementor-section-boxed elementor-section-height-default elementor-section-height-default\" data-id=\"1676131d\" data-element_type=\"section\" data-e-type=\"section\" data-settings=\"{&quot;background_background&quot;:&quot;classic&quot;}\">\n\t\t\t\t\t\t\t<div class=\"elementor-background-overlay\"><\/div>\n\t\t\t\t\t\t\t<div class=\"elementor-container elementor-column-gap-default\">\n\t\t\t\t\t<div class=\"elementor-column elementor-col-50 elementor-top-column elementor-element elementor-element-7debba0\" data-id=\"7debba0\" data-element_type=\"column\" data-e-type=\"column\">\n\t\t\t<div class=\"elementor-widget-wrap elementor-element-populated\">\n\t\t\t\t\t\t<div class=\"elementor-element elementor-element-52786e0f elementor-widget__width-initial elementor-widget-tablet__width-initial elementor-widget-mobile__width-initial elementor-invisible elementor-widget elementor-widget-heading\" data-id=\"52786e0f\" data-element_type=\"widget\" data-e-type=\"widget\" data-settings=\"{&quot;_animation&quot;:&quot;fadeInUp&quot;,&quot;_animation_delay&quot;:&quot;400&quot;}\" data-widget_type=\"heading.default\">\n\t\t\t\t\t<h1 class=\"elementor-heading-title elementor-size-default\">Lesiones Personales<\/h1>\t\t\t\t<\/div>\n\t\t\t\t\t<\/div>\n\t\t<\/div>\n\t\t\t\t<div class=\"elementor-column elementor-col-50 elementor-top-column elementor-element elementor-element-27d45887 elementor-invisible\" data-id=\"27d45887\" data-element_type=\"column\" data-e-type=\"column\" data-settings=\"{&quot;background_background&quot;:&quot;classic&quot;,&quot;animation&quot;:&quot;fadeInUp&quot;,&quot;animation_delay&quot;:&quot;640&quot;}\">\n\t\t\t<div class=\"elementor-widget-wrap elementor-element-populated\">\n\t\t\t\t\t\t<div class=\"elementor-element elementor-element-50053356 elementor-button-align-stretch elementor-widget elementor-widget-bdt-contact-form\" data-id=\"50053356\" data-element_type=\"widget\" data-e-type=\"widget\" data-widget_type=\"bdt-contact-form.default\">\n\t\t\t\t\t\t\t<div class=\"bdt-contact-form bdt-contact-form-skin-default\">\n\t\t\t<div class=\"elementor-form-fields-wrapper\">\n\t\t\t\t\t\t<div class=\"bdt-contact-form-wrapper\">\n\t\t\t<form class=\"bdt-contact-form-form bdt-form-stacked bdt-grid bdt-grid-small without-recaptcha\" data-bdt-grid=\"\" action=\"https:\/\/abogadocj.com\/wp-admin\/admin-ajax.php\" method=\"post\">\n\n\t\t\t\t\n\t\t\t\t\t<div class=\"bdt-field-group elementor-field-required bdt-width-1-1\">\n\t\t\t\t\t\t<label for=\"user_name50053356\" class=\"bdt-form-label\">Nombre*<\/label><div class=\"bdt-form-controls\"><input type=\"text\" name=\"name\" id=\"user_name50053356\" placeholder=\"Tu nombre\" class=\"bdt-input bdt-form-default\" required =\"required\"><\/div>\t\t\t\t\t<\/div>\n\n\t\t\t\t\t<div class=\"bdt-field-group elementor-field-required bdt-width-1-1\">\n\t\t\t\t\t\t<label for=\"email50053356\" class=\"bdt-form-label\">Correo<\/label><div class=\"bdt-form-controls\"><input type=\"email\" name=\"email\" id=\"email50053356\" placeholder=\"Tu correo\" class=\"bdt-input bdt-form-default\" required=\"required\"><\/div>\t\t\t\t\t<\/div>\n\n\t\t\t\t\t\t\t\t\t\t\t<div class=\"bdt-field-group bdt-width-1-1 elementor-field-required\">\n\t\t\t\t\t\t\t<label for=\"contact50053356\" class=\"bdt-form-label\">Tel\u00e9fono<\/label><div class=\"bdt-form-controls\"><input type=\"tel\" name=\"contact\" id=\"contact50053356\" placeholder=\"+1 800-9800-000\" class=\"bdt-input bdt-form-default\"><\/div>\t\t\t\t\t\t<\/div>\n\t\t\t\t\t\n\t\t\t\t\t\n\t\t\t\t\t\n\t\t\t\t\t\t\t\t\t\t\t<div class=\"bdt-field-group bdt-width-1-1 elementor-field-required\">\n\t\t\t\t\t\t\t<label for=\"message50053356\" class=\"bdt-form-label\">Tu caso*<\/label><div class=\"bdt-form-controls\"><textarea name=\"message\" id=\"message50053356\" rows=\"5\" placeholder=\"Cuentanos tu caso\" class=\"bdt-textarea bdt-form-default\" required=\"required\"><\/textarea><\/div>\t\t\t\t\t\t<\/div>\n\t\t\t\t\t\n\t\t\t\t\t\n\n\t\t\t\t\t\n\t\t\t\t\t\n\t\t\t\t\t<input type=\"hidden\" class=\"widget_id\" name=\"widget_id\" value=\"50053356\" \/>\n\t\t\t\t\t<input type=\"hidden\" name=\"bdt-sf-50053356\" value=\"true\" \/>\n\t\t\t\t\t<input type=\"hidden\" class=\"page_id\" name=\"page_id\" value=\"699\" \/>\n\n\t\t\t\t\t<div class=\"elementor-field-type-submit bdt-field-group bdt-flex bdt-width-1-1\">\n\t\t\t\t\t\t<button type=\"submit\" class=\"elementor-button bdt-button bdt-button-primary\" name=\"submit\">\n\t\t\t\t\t\t\t\t\t\t\t\t\t\t\t<span>\n\t\t\t\t\t\t\t\t\tConsulta gratis\t\t\t\t\t\t\t\t<\/span>\n\t\t\t\t\t\t\t\t\t\t\t\t\t<\/button>\n\t\t\t\t\t<\/div>\n\n\t\t\t\t\t<input name=\"_wpnonce\" value=\"4a85314b49\" type=\"hidden\">\n\t\t\t\t\t\n\t\t\t\t\t\t\t\t\t\t\n\n\t\t\t\t\t<input type=\"hidden\" name=\"action\" value=\"element_pack_contact_form\" \/>\n\n\t\t\t\t\t\n\t\t\t<\/form>\n\t\t<\/div>\n\t\t\t\t\t<\/div>\n\t\t<\/div>\n\t\t\t\t\t\t<\/div>\n\t\t\t\t\t<\/div>\n\t\t<\/div>\n\t\t\t\t\t<\/div>\n\t\t<\/div>\n\t\t\t\t<section class=\"elementor-section elementor-top-section elementor-element elementor-element-29cb5c72 elementor-section-boxed elementor-section-height-default elementor-section-height-default\" data-id=\"29cb5c72\" data-element_type=\"section\" data-e-type=\"section\" data-settings=\"{&quot;background_background&quot;:&quot;classic&quot;}\">\n\t\t\t\t\t\t<div class=\"elementor-container elementor-column-gap-default\">\n\t\t\t\t\t<div class=\"elementor-column elementor-col-50 elementor-top-column elementor-element elementor-element-25bab0a1\" data-id=\"25bab0a1\" data-element_type=\"column\" data-e-type=\"column\">\n\t\t\t<div class=\"elementor-widget-wrap elementor-element-populated\">\n\t\t\t\t\t\t<div class=\"elementor-element elementor-element-2f4a6d8 elementor-widget elementor-widget-text-editor\" data-id=\"2f4a6d8\" data-element_type=\"widget\" data-e-type=\"widget\" data-widget_type=\"text-editor.default\">\n\t\t\t\t\t\t\t\t\t<div class=\"elementor-element elementor-element-662cff76 elementor-widget__width-initial elementor-widget-tablet__width-initial elementor-widget elementor-widget-spacer\" data-id=\"662cff76\" data-element_type=\"widget\" data-widget_type=\"spacer.default\"><div class=\"elementor-spacer\"><div class=\"elementor-spacer-inner\">\u00a0<\/div><\/div><\/div><div class=\"elementor-element elementor-element-6f58ba81 elementor-widget elementor-widget-heading\" data-id=\"6f58ba81\" data-element_type=\"widget\" data-widget_type=\"heading.default\"><h4 class=\"elementor-heading-title elementor-size-default\">El abogado CJ tiene m\u00e1s de 20 a\u00f1os ayudando a personas que han sufrido accidentes de motocicleta, con resultados comprobados tanto en juicios como en apelaciones.<br \/><br \/>En nuestro bufete, hemos acompa\u00f1ado con \u00e9xito a conductores y pasajeros lesionados en una amplia variedad de casos: accidentes fatales con camiones, colisiones de motocicletas, choques por alcance, y situaciones con v\u00edctimas inocentes involucradas en accidentes causados por conductores bajo los efectos del alcohol, entre otros. Tambi\u00e9n hemos representado a personas lesionadas en accidentes peatonales, de bicicleta, y en casos con o sin seguro. Nos enorgullece haber conseguido resultados excepcionales para las v\u00edctimas y sus familias.<br \/><br \/>Tenemos presencia en los estados de Florida y Minnesota. Brindamos una atenci\u00f3n cercana y personalizada, lo que permite que nuestros clientes se sientan c\u00f3modos y puedan visitarnos f\u00e1cilmente. Adem\u00e1s, ofrecemos atenci\u00f3n domiciliaria para quienes necesiten agendar una cita o consulta desde la comodidad de su hogar.<br \/><br \/>Contamos con una s\u00f3lida trayectoria en el manejo de casos de accidentes de veh\u00edculos que incluyen disputas complejas con aseguradoras, as\u00ed como reclamaciones relacionadas con productos defectuosos, como problemas de dise\u00f1o o fabricaci\u00f3n en autom\u00f3viles. Si desea conocer algunos de nuestros casos recientes donde logramos compensaciones favorables, lo invitamos a ver nuestros videos informativos.<br \/><br \/>Nuestra misi\u00f3n es clara: lograr una compensaci\u00f3n justa y adecuada para cada uno de nuestros clientes.<br \/><br \/>Sabemos que los accidentes de tr\u00e1nsito son una de las principales causas de lesiones y muertes en Florida. Estos pueden derivar en condiciones m\u00e9dicas complejas, como lesiones cerebrales traum\u00e1ticas, fracturas, da\u00f1os en la columna cervical, lumbar o tor\u00e1cica, e incluso la p\u00e9rdida de la vida. Algunas de estas lesiones pueden requerir intervenciones quir\u00fargicas y tratamientos prolongados.<br \/><br \/>Sea cual sea su situaci\u00f3n, recuerde que solo nos paga si resolvemos su caso con \u00e9xito.<\/h4><\/div>\t\t\t\t\t\t\t\t<\/div>\n\t\t\t\t\t<\/div>\n\t\t<\/div>\n\t\t\t\t<div class=\"elementor-column elementor-col-50 elementor-top-column elementor-element elementor-element-478ed0db\" data-id=\"478ed0db\" data-element_type=\"column\" data-e-type=\"column\">\n\t\t\t<div class=\"elementor-widget-wrap elementor-element-populated\">\n\t\t\t\t\t\t<div class=\"elementor-element elementor-element-1d8139d4 elementor-invisible elementor-widget elementor-widget-image\" data-id=\"1d8139d4\" data-element_type=\"widget\" data-e-type=\"widget\" data-settings=\"{&quot;_animation&quot;:&quot;fadeInUp&quot;,&quot;_animation_delay&quot;:&quot;200&quot;}\" data-widget_type=\"image.default\">\n\t\t\t\t\t\t\t\t\t\t\t\t\t\t\t<img decoding=\"async\" src=\"https:\/\/abogadocj.com\/wp-content\/uploads\/2025\/07\/Cj-ads.png\" class=\"attachment-full size-full wp-image-241\" alt=\"\" \/>\t\t\t\t\t\t\t\t\t\t\t\t\t\t\t<\/div>\n\t\t\t\t<div class=\"elementor-element elementor-element-f20bfc2 elementor-invisible elementor-widget elementor-widget-heading\" data-id=\"f20bfc2\" data-element_type=\"widget\" data-e-type=\"widget\" data-settings=\"{&quot;_animation&quot;:&quot;fadeInUp&quot;,&quot;_animation_delay&quot;:&quot;120&quot;}\" data-widget_type=\"heading.default\">\n\t\t\t\t\t<h2 class=\"elementor-heading-title elementor-size-default\">Frequently Asked Questions<\/h2>\t\t\t\t<\/div>\n\t\t\t\t\t<\/div>\n\t\t<\/div>\n\t\t\t\t\t<\/div>\n\t\t<\/section>\n\t\t\t\t<\/div>","protected":false},"excerpt":{"rendered":"<p>Lesiones Personales Nombre* Correo Tel\u00e9fono Tu caso* Consulta gratis \u00a0 El abogado CJ tiene m\u00e1s de 20 a\u00f1os ayudando a personas que [&hellip;]<\/p>\n","protected":false},"author":1,"featured_media":0,"parent":0,"menu_order":0,"comment_status":"closed","ping_status":"closed","template":"","meta":{"footnotes":""},"class_list":["post-699","page","type-page","status-publish","hentry"],"_links":{"self":[{"href":"https:\/\/abogadocj.com\/es\/wp-json\/wp\/v2\/pages\/699","targetHints":{"allow":["GET"]}}],"collection":[{"href":"https:\/\/abogadocj.com\/es\/wp-json\/wp\/v2\/pages"}],"about":[{"href":"https:\/\/abogadocj.com\/es\/wp-json\/wp\/v2\/types\/page"}],"author":[{"embeddable":true,"href":"https:\/\/abogadocj.com\/es\/wp-json\/wp\/v2\/users\/1"}],"replies":[{"embeddable":true,"href":"https:\/\/abogadocj.com\/es\/wp-json\/wp\/v2\/comments?post=699"}],"version-history":[{"count":4,"href":"https:\/\/abogadocj.com\/es\/wp-json\/wp\/v2\/pages\/699\/revisions"}],"predecessor-version":[{"id":703,"href":"https:\/\/abogadocj.com\/es\/wp-json\/wp\/v2\/pages\/699\/revisions\/703"}],"wp:attachment":[{"href":"https:\/\/abogadocj.com\/es\/wp-json\/wp\/v2\/media?parent=699"}],"curies":[{"name":"wp","href":"https:\/\/api.w.org\/{rel}","templated":true}]}}