{"id":7,"date":"2025-07-14T12:01:56","date_gmt":"2025-07-14T12:01:56","guid":{"rendered":"https:\/\/lavenderblush-snake-537685.hostingersite.com\/?page_id=7"},"modified":"2025-07-18T12:55:31","modified_gmt":"2025-07-18T12:55:31","slug":"abogadocj","status":"publish","type":"page","link":"https:\/\/abogadocj.com\/es\/abogadocj\/","title":{"rendered":"Abogado CJ"},"content":{"rendered":"<div data-elementor-type=\"wp-post\" data-elementor-id=\"7\" class=\"elementor elementor-7\" data-elementor-settings=\"{&quot;element_pack_global_tooltip_width&quot;:{&quot;unit&quot;:&quot;px&quot;,&quot;size&quot;:&quot;&quot;,&quot;sizes&quot;:[]},&quot;element_pack_global_tooltip_width_tablet&quot;:{&quot;unit&quot;:&quot;px&quot;,&quot;size&quot;:&quot;&quot;,&quot;sizes&quot;:[]},&quot;element_pack_global_tooltip_width_mobile&quot;:{&quot;unit&quot;:&quot;px&quot;,&quot;size&quot;:&quot;&quot;,&quot;sizes&quot;:[]},&quot;element_pack_global_tooltip_padding&quot;:{&quot;unit&quot;:&quot;px&quot;,&quot;top&quot;:&quot;&quot;,&quot;right&quot;:&quot;&quot;,&quot;bottom&quot;:&quot;&quot;,&quot;left&quot;:&quot;&quot;,&quot;isLinked&quot;:true},&quot;element_pack_global_tooltip_padding_tablet&quot;:{&quot;unit&quot;:&quot;px&quot;,&quot;top&quot;:&quot;&quot;,&quot;right&quot;:&quot;&quot;,&quot;bottom&quot;:&quot;&quot;,&quot;left&quot;:&quot;&quot;,&quot;isLinked&quot;:true},&quot;element_pack_global_tooltip_padding_mobile&quot;:{&quot;unit&quot;:&quot;px&quot;,&quot;top&quot;:&quot;&quot;,&quot;right&quot;:&quot;&quot;,&quot;bottom&quot;:&quot;&quot;,&quot;left&quot;:&quot;&quot;,&quot;isLinked&quot;:true},&quot;element_pack_global_tooltip_border_radius&quot;:{&quot;unit&quot;:&quot;px&quot;,&quot;top&quot;:&quot;&quot;,&quot;right&quot;:&quot;&quot;,&quot;bottom&quot;:&quot;&quot;,&quot;left&quot;:&quot;&quot;,&quot;isLinked&quot;:true},&quot;element_pack_global_tooltip_border_radius_tablet&quot;:{&quot;unit&quot;:&quot;px&quot;,&quot;top&quot;:&quot;&quot;,&quot;right&quot;:&quot;&quot;,&quot;bottom&quot;:&quot;&quot;,&quot;left&quot;:&quot;&quot;,&quot;isLinked&quot;:true},&quot;element_pack_global_tooltip_border_radius_mobile&quot;:{&quot;unit&quot;:&quot;px&quot;,&quot;top&quot;:&quot;&quot;,&quot;right&quot;:&quot;&quot;,&quot;bottom&quot;:&quot;&quot;,&quot;left&quot;:&quot;&quot;,&quot;isLinked&quot;:true}}\" data-elementor-post-type=\"page\">\n\t\t\t\t\t\t<div class=\"elementor-section elementor-top-section elementor-element elementor-element-4c3d6777 elementor-section-boxed elementor-section-height-default elementor-section-height-default\" data-id=\"4c3d6777\" data-element_type=\"section\" data-e-type=\"section\" data-settings=\"{&quot;background_background&quot;:&quot;classic&quot;}\">\n\t\t\t\t\t\t<div class=\"elementor-container elementor-column-gap-default\">\n\t\t\t\t\t<div class=\"elementor-column elementor-col-50 elementor-top-column elementor-element elementor-element-3dbeae2c\" data-id=\"3dbeae2c\" data-element_type=\"column\" data-e-type=\"column\">\n\t\t\t<div class=\"elementor-widget-wrap elementor-element-populated\">\n\t\t\t\t\t\t<div class=\"elementor-element elementor-element-205491ba ui-e-a-animate elementor-widget elementor-widget-highlighted-text\" data-id=\"205491ba\" data-element_type=\"widget\" data-e-type=\"widget\" data-widget_type=\"highlighted-text.default\">\n\t\t\t\t\t        <h1 class=\"ui-e--highlighted-text\">\n            <span class=\"ui-e-headline-text elementor-repeater-item-f8eda84\">\u00a1Para nosotros es personal!<\/span>        <\/h1>\n    \t\t\t\t<\/div>\n\t\t\t\t<div class=\"elementor-element elementor-element-6448f7f7 elementor-widget elementor-widget-spacer\" data-id=\"6448f7f7\" data-element_type=\"widget\" data-e-type=\"widget\" data-widget_type=\"spacer.default\">\n\t\t\t\t\t\t\t<div class=\"elementor-spacer\">\n\t\t\t<div class=\"elementor-spacer-inner\"><\/div>\n\t\t<\/div>\n\t\t\t\t\t\t<\/div>\n\t\t\t\t\t<\/div>\n\t\t<\/div>\n\t\t\t\t<div class=\"elementor-column elementor-col-50 elementor-top-column elementor-element elementor-element-d582d51\" data-id=\"d582d51\" data-element_type=\"column\" data-e-type=\"column\">\n\t\t\t<div class=\"elementor-widget-wrap elementor-element-populated\">\n\t\t\t\t\t\t<div class=\"elementor-element elementor-element-341e5b35 elementor-widget elementor-widget-image\" data-id=\"341e5b35\" data-element_type=\"widget\" data-e-type=\"widget\" data-widget_type=\"image.default\">\n\t\t\t\t\t\t\t\t\t\t\t\t\t\t\t<img fetchpriority=\"high\" decoding=\"async\" width=\"1709\" height=\"2560\" src=\"https:\/\/abogadocj.com\/wp-content\/uploads\/2025\/07\/DSC9396-scaled.jpg\" class=\"attachment-full size-full wp-image-232\" alt=\"\" srcset=\"https:\/\/abogadocj.com\/wp-content\/uploads\/2025\/07\/DSC9396-scaled.jpg 1709w, https:\/\/abogadocj.com\/wp-content\/uploads\/2025\/07\/DSC9396-200x300.jpg 200w, https:\/\/abogadocj.com\/wp-content\/uploads\/2025\/07\/DSC9396-684x1024.jpg 684w, https:\/\/abogadocj.com\/wp-content\/uploads\/2025\/07\/DSC9396-768x1150.jpg 768w, https:\/\/abogadocj.com\/wp-content\/uploads\/2025\/07\/DSC9396-1025x1536.jpg 1025w, https:\/\/abogadocj.com\/wp-content\/uploads\/2025\/07\/DSC9396-1367x2048.jpg 1367w, https:\/\/abogadocj.com\/wp-content\/uploads\/2025\/07\/DSC9396-434x650.jpg 434w\" sizes=\"(max-width: 1709px) 100vw, 1709px\" \/>\t\t\t\t\t\t\t\t\t\t\t\t\t\t\t<\/div>\n\t\t\t\t\t<\/div>\n\t\t<\/div>\n\t\t\t\t\t<\/div>\n\t\t<\/div>\n\t\t\t\t<div class=\"elementor-section elementor-top-section elementor-element elementor-element-51e14f3b elementor-section-boxed elementor-section-height-default elementor-section-height-default\" data-id=\"51e14f3b\" data-element_type=\"section\" data-e-type=\"section\">\n\t\t\t\t\t\t<div class=\"elementor-container elementor-column-gap-default\">\n\t\t\t\t\t<div class=\"elementor-column elementor-col-100 elementor-top-column elementor-element elementor-element-613b2e65 elementor-invisible\" data-id=\"613b2e65\" data-element_type=\"column\" data-e-type=\"column\" data-settings=\"{&quot;animation&quot;:&quot;fadeInRight&quot;}\">\n\t\t\t<div class=\"elementor-widget-wrap elementor-element-populated\">\n\t\t\t\t\t\t<div class=\"elementor-element elementor-element-46418442 elementor-widget elementor-widget-text-editor\" data-id=\"46418442\" data-element_type=\"widget\" data-e-type=\"widget\" data-widget_type=\"text-editor.default\">\n\t\t\t\t\t\t\t\t\t<p>Crecer como hijo de un funcionario del Servicio Exterior llev\u00f3 a CJ a pasar sus primeros a\u00f1os viajando por el mundo, siguiendo las asignaciones de su padre. Esta experiencia, viviendo en muchos pa\u00edses extranjeros y conociendo diferentes culturas, le cre\u00f3 un profundo aprecio por nuestra gran naci\u00f3n y le hizo comprender la importancia de los inmigrantes en los cimientos de Estados Unidos. Uno de los regalos m\u00e1s valiosos que el gobierno otorga a sus ciudadanos es el derecho de todos los estadounidenses a alzar la voz contra el abuso o la opresi\u00f3n del gobierno, los adinerados, las compa\u00f1\u00edas de seguros y las corporaciones.<\/p><p>CJ trabaj\u00f3 como defensor p\u00fablico en el Tribunal del Circuito Judicial 12 en los condados de Manatee, Sarasota y DeSoto. \u00c9l cree firmemente que al defender los derechos de las personas contra el gobierno, aseguramos que los controles y equilibrios incorporados en nuestra Constituci\u00f3n por los Padres Fundadores funcionen para todos los ciudadanos. Cuando comenz\u00f3 su pr\u00e1ctica privada, CJ se enfoc\u00f3 inicialmente en el derecho penal. Trabaj\u00f3 en miles de casos ganando muchos de ellos exitosamente, incluyendo casos de homicidio. M\u00e1s tarde, CJ comenz\u00f3 a incorporar casos de lesiones personales a su pr\u00e1ctica, que hoy constituyen la mayor parte de sus casos. CJ ha recuperado millones de d\u00f3lares para sus clientes, siendo uno de los acuerdos m\u00e1s recientes de m\u00e1s de $5 millones de d\u00f3lares para nuestro cliente.<\/p><p>Los abogados y el personal que trabajan en el bufete de CJ, Czaia Law, tienen una experiencia combinada de m\u00e1s de 90 a\u00f1os luchando por gente com\u00fan contra las compa\u00f1\u00edas de seguros para obtener los mejores resultados para sus clientes.<\/p><p>Siempre buscando maneras de ayudar a la comunidad, el abogado Czaia fund\u00f3 y es actualmente miembro de la junta directiva de UnidosNow.org, una organizaci\u00f3n sin fines de lucro que sirve a estudiantes marginados y les ayuda a alcanzar sus sue\u00f1os. CJ tambi\u00e9n se ha desempe\u00f1ado como presidente y miembro de la junta directiva de la C\u00e1mara de Comercio Latina de la Costa del Golfo, el Centro Juvenil Palmetto, la Academia Memorial Lincoln y varios otros programas y asociaciones comunitarias.<\/p><p>CJ Czaia ha estado muy involucrado en la pol\u00edtica durante la mayor parte de su vida, incluyendo su servicio como presidente del Partido Dem\u00f3crata del Condado de Manatee. CJ ha sido candidato tanto para cargos estatales como federales. Debido a su energ\u00eda y dedicaci\u00f3n, CJ fue orador invitado en la convenci\u00f3n dem\u00f3crata de Florida, trabaj\u00f3 con el candidato presidencial Joe Biden en la campa\u00f1a de 2007 y abog\u00f3 por DACA en 2010. Recientemente, CJ puede verse con frecuencia como orador sobre temas legales y pol\u00edticos actuales y controvertidos en radio y televisi\u00f3n.<\/p><p>CJ es un entusiasta corredor de motocicletas y patrocina un equipo de motos de carreras en carretera que compiten a nivel nacional en MotoAmerica y Moto GP. Su nueva motocicleta, 1-833-CJKNOWS, es actualmente conducida por Kaleb DeKeyrel. Montando 1-833-CJKNOWS, Kaleb ha obtenido el primer lugar en muchas competencias, incluyendo la Copa Twins 2019 en el WeatherTech Raceway Laguna Seca. El objetivo del equipo es ganar carreras mientras promueve la seguridad y educaci\u00f3n motocicl\u00edstica, incluyendo consejos sobre c\u00f3mo evitar accidentes y la importancia de tener una cobertura de seguro adecuada y apropiada para conductores sin seguro\/con seguro insuficiente (UM) para todos los motociclistas.<\/p><p>\u00a0<\/p><p>Czaia Law actualmente patrocina al equipo de softbol de Braden River High School, los Bradentucky Bombers, la Liga de F\u00fatbol Manasota, la Feria de Salud MLK, y somos miembros de la C\u00e1mara de Comercio Latina de la Costa del Golfo.<\/p>\t\t\t\t\t\t\t\t<\/div>\n\t\t\t\t\t<\/div>\n\t\t<\/div>\n\t\t\t\t\t<\/div>\n\t\t<\/div>\n\t\t\t\t<\/div>","protected":false},"excerpt":{"rendered":"<p>\u00a1Para nosotros es personal! Crecer como hijo de un funcionario del Servicio Exterior llev\u00f3 a CJ a pasar sus primeros a\u00f1os viajando [&hellip;]<\/p>\n","protected":false},"author":1,"featured_media":0,"parent":0,"menu_order":0,"comment_status":"closed","ping_status":"closed","template":"","meta":{"footnotes":""},"class_list":["post-7","page","type-page","status-publish","hentry"],"_links":{"self":[{"href":"https:\/\/abogadocj.com\/es\/wp-json\/wp\/v2\/pages\/7","targetHints":{"allow":["GET"]}}],"collection":[{"href":"https:\/\/abogadocj.com\/es\/wp-json\/wp\/v2\/pages"}],"about":[{"href":"https:\/\/abogadocj.com\/es\/wp-json\/wp\/v2\/types\/page"}],"author":[{"embeddable":true,"href":"https:\/\/abogadocj.com\/es\/wp-json\/wp\/v2\/users\/1"}],"replies":[{"embeddable":true,"href":"https:\/\/abogadocj.com\/es\/wp-json\/wp\/v2\/comments?post=7"}],"version-history":[{"count":17,"href":"https:\/\/abogadocj.com\/es\/wp-json\/wp\/v2\/pages\/7\/revisions"}],"predecessor-version":[{"id":681,"href":"https:\/\/abogadocj.com\/es\/wp-json\/wp\/v2\/pages\/7\/revisions\/681"}],"wp:attachment":[{"href":"https:\/\/abogadocj.com\/es\/wp-json\/wp\/v2\/media?parent=7"}],"curies":[{"name":"wp","href":"https:\/\/api.w.org\/{rel}","templated":true}]}}